{"id":75,"date":"2024-02-08T10:37:58","date_gmt":"2024-02-08T09:37:58","guid":{"rendered":"https:\/\/tiphainedebelloy.fr\/?page_id=75"},"modified":"2026-01-19T13:06:46","modified_gmt":"2026-01-19T12:06:46","slug":"accueil","status":"publish","type":"page","link":"https:\/\/tiphainedebelloy.fr\/","title":{"rendered":"Accueil"},"content":{"rendered":"\n    \n    <section class=\"u-align-center u-border-1 u-border-grey-75 u-clearfix u-white u-section-2\" id=\"sec-9f9e\">\n      <div class=\"u-clearfix u-sheet u-sheet-1\">\n        <div class=\"u-image u-image-circle u-image-1\" alt=\"\" data-image-width=\"1080\" data-image-height=\"2408\" style=\"background-image: url(&quot;https:\/\/tiphainedebelloy.fr\/wp-content\/uploads\/2025\/06\/Screenshot_20250325_140813.jpg&quot;);\"><\/div>\n        <p class=\"u-align-center u-custom-font u-heading-font u-text u-text-1\">Artiste sculpteur form\u00e9e en France et en Italie, je sculpte et peins en laissant libre cours \u00e0 ma cr\u00e9ativit\u00e9 et ma sensibilit\u00e9.<br>Pour un devis, une commande particuli\u00e8re, un renseignement, contactez-moi : je serai heureuse d'\u00e9changer avec vous !<br>\n          <br>\n          <br>\n          <span style=\"font-weight: 700; text-decoration: underline !important;\" class=\"u-text-black\"><\/span>\n          <br>\n          <br>Formed in France and Italy, I sculpt and paint, giving free rein to both my creativity and sensibility. For commissions, information or estimates, please contact me ; I would be pleased to speak with you !\n        <\/p>\n        <a href=\"https:\/\/tiphainedebelloy.fr\/?page_id=73\" class=\"u-border-none u-btn u-btn-round u-button-style u-palette-5-dark-1 u-radius u-btn-1\">Pour acheter une oeuvre existante,&nbsp;<br>cr\u00e9er une oeuvre, parler d'un projet d'expo ;&nbsp;<br>CLIQUER ICI\n        <\/a>\n      <\/div>\n    <\/section>\n    <section class=\"u-clearfix u-custom-color-2 u-section-3\" id=\"sec-dae2\">\n      <div class=\"u-clearfix u-sheet u-valign-middle-lg u-valign-middle-md u-sheet-1\">\n        <div class=\"data-layout-selected u-clearfix u-expanded-width u-gutter-10 u-layout-wrap u-layout-wrap-1\">\n          <div class=\"u-layout\" style=\"\">\n            <div class=\"u-layout-row\" style=\"\">\n              <div class=\"u-container-style u-layout-cell u-left-cell u-size-29 u-size-xs-60 u-layout-cell-1\" src=\"\">\n                <div class=\"u-container-layout u-valign-middle u-container-layout-1\">\n                  <a href=\"https:\/\/tiphainedebelloy.fr\/?page_id=72\" class=\"u-align-center u-btn u-btn-round u-button-style u-custom-color-10 u-custom-font u-heading-font u-radius-50 u-btn-1\">D\u00e9couvrir mes sculptures <\/a>\n                <\/div>\n              <\/div>\n              <div class=\"u-align-center u-container-style u-image u-layout-cell u-right-cell u-size-31 u-size-xs-60 u-image-1\" src=\"\" data-image-width=\"1500\" data-image-height=\"1500\" data-animation-out=\"0\" style=\"background-image: url(&quot;https:\/\/tiphainedebelloy.fr\/wp-content\/uploads\/2025\/06\/4.png&quot;);\">\n                <div class=\"u-container-layout u-container-layout-2\" src=\"\" data-image-width=\"1080\" data-image-height=\"1080\"><\/div>\n              <\/div>\n            <\/div>\n          <\/div>\n        <\/div>\n      <\/div>\n    <\/section>\n    <section class=\"u-clearfix u-custom-color-10 u-section-4\" id=\"sec-17d5\">\n      <div class=\"u-clearfix u-sheet u-valign-bottom-lg u-valign-bottom-md u-valign-bottom-sm u-valign-bottom-xl u-sheet-1\">\n        <div class=\"data-layout-selected u-clearfix u-expanded-width u-gutter-10 u-layout-wrap u-layout-wrap-1\">\n          <div class=\"u-layout\" style=\"\">\n            <div class=\"u-layout-row\" style=\"\">\n              <div class=\"u-align-center u-container-style u-image u-layout-cell u-left-cell u-size-30 u-size-xs-60 u-image-1\" src=\"\" data-image-width=\"2232\" data-image-height=\"3380\" style=\"background-image: url(&quot;https:\/\/tiphainedebelloy.fr\/wp-content\/uploads\/2025\/05\/ml-scaled.jpg&quot;);\">\n                <div class=\"u-container-layout u-valign-middle u-container-layout-1\" src=\"\"><\/div>\n              <\/div>\n              <div class=\"u-container-style u-layout-cell u-size-30 u-layout-cell-2\">\n                <div class=\"u-container-layout u-valign-middle-lg u-valign-middle-md u-valign-middle-sm u-valign-middle-xl u-container-layout-2\">\n                  <a href=\"https:\/\/tiphainedebelloy.fr\/?page_id=71\" class=\"u-align-center u-border-none u-btn u-btn-round u-button-style u-custom-color-2 u-custom-font u-heading-font u-radius-50 u-btn-1\">D\u00e9couvrir mes peintures\u200b et dessins<\/a>\n                <\/div>\n              <\/div>\n            <\/div>\n          <\/div>\n        <\/div>\n      <\/div>\n    <\/section>\n    <section class=\"u-align-center u-clearfix u-white u-section-5\" id=\"sec-d8b1\">\n      <div class=\"u-clearfix u-sheet u-valign-middle-lg u-valign-middle-md u-valign-middle-sm u-valign-middle-xl u-sheet-1\">\n        <div class=\"u-carousel u-expanded-width-xs u-gallery u-gallery-slider u-layout-carousel u-lightbox u-no-transition u-show-text-on-hover u-gallery-1\" id=\"carousel-fd0c\" data-interval=\"5000\" data-u-ride=\"carousel\">\n          <ol class=\"u-absolute-hcenter u-carousel-indicators u-carousel-indicators-1\">\n            <li data-u-target=\"#carousel-fd0c\" data-u-slide-to=\"0\" class=\"u-active u-grey-70 u-shape-circle\" style=\"width: 10px; height: 10px;\"><\/li>\n            <li data-u-target=\"#carousel-fd0c\" data-u-slide-to=\"1\" class=\"u-grey-70 u-shape-circle\" style=\"width: 10px; height: 10px;\"><\/li>\n            <li data-u-target=\"#carousel-fd0c\" data-u-slide-to=\"2\" class=\"u-grey-70 u-shape-circle\" style=\"width: 10px; height: 10px;\"><\/li>\n            <li data-u-target=\"#carousel-fd0c\" data-u-slide-to=\"3\" class=\"u-grey-70 u-shape-circle\" style=\"width: 10px; height: 10px;\"><\/li>\n          <\/ol>\n          <div class=\"u-carousel-inner u-gallery-inner\" role=\"listbox\">\n            <div class=\"u-active u-carousel-item u-effect-fade u-effect-hover-liftUp u-gallery-item u-carousel-item-1\">\n              <div class=\"u-back-slide\" data-image-width=\"1500\" data-image-height=\"1500\">\n                <img decoding=\"async\" class=\"u-back-image u-expanded\" src=\"https:\/\/tiphainedebelloy.fr\/wp-content\/uploads\/2025\/06\/Gg.png\">\n              <\/div>\n              <div class=\"u-align-center u-over-slide u-shading u-valign-bottom u-over-slide-1\"><\/div>\n            <\/div>\n            <div class=\"u-carousel-item u-effect-fade u-effect-hover-liftUp u-gallery-item u-carousel-item-2\">\n              <div class=\"u-back-slide\" data-image-width=\"1500\" data-image-height=\"1500\">\n                <img decoding=\"async\" class=\"u-back-image u-expanded\" src=\"https:\/\/tiphainedebelloy.fr\/wp-content\/uploads\/2025\/06\/H.png\">\n              <\/div>\n              <div class=\"u-align-center u-over-slide u-shading u-valign-bottom u-over-slide-2\"><\/div>\n            <\/div>\n            <div class=\"u-carousel-item u-effect-fade u-effect-hover-liftUp u-gallery-item u-carousel-item-3\" data-image-width=\"1500\" data-image-height=\"1500\">\n              <div class=\"u-back-slide\">\n                <img decoding=\"async\" class=\"u-back-image u-expanded u-back-image-3\" src=\"https:\/\/tiphainedebelloy.fr\/wp-content\/uploads\/2025\/06\/j.png\">\n              <\/div>\n              <div class=\"u-align-center u-over-slide u-shading u-valign-bottom u-over-slide-3\"><\/div>\n              <style data-mode=\"XL\"><\/style>\n              <style data-mode=\"LG\"><\/style>\n              <style data-mode=\"MD\"><\/style>\n              <style data-mode=\"SM\"><\/style>\n              <style data-mode=\"XS\" data-visited=\"true\"><\/style>\n            <\/div>\n            <div class=\"u-carousel-item u-effect-fade u-effect-hover-liftUp u-gallery-item u-carousel-item-4\" data-image-width=\"1500\" data-image-height=\"1500\">\n              <div class=\"u-back-slide\">\n                <img decoding=\"async\" class=\"u-back-image u-expanded\" src=\"https:\/\/tiphainedebelloy.fr\/wp-content\/uploads\/2025\/06\/kl.png\">\n              <\/div>\n              <div class=\"u-align-center u-over-slide u-shading u-valign-bottom u-over-slide-4\"><\/div>\n              <style data-mode=\"XL\"><\/style>\n              <style data-mode=\"LG\"><\/style>\n              <style data-mode=\"MD\"><\/style>\n              <style data-mode=\"SM\"><\/style>\n              <style data-mode=\"XS\" data-visited=\"true\"><\/style>\n            <\/div>\n          <\/div>\n          <a class=\"u-absolute-vcenter u-carousel-control u-carousel-control-prev u-grey-70 u-icon-circle u-opacity u-opacity-70 u-spacing-10 u-text-white u-carousel-control-1\" href=\"#carousel-fd0c\" role=\"button\" data-u-slide=\"prev\">\n            <span aria-hidden=\"true\">\n              <svg viewBox=\"0 0 451.847 451.847\"><path d=\"M97.141,225.92c0-8.095,3.091-16.192,9.259-22.366L300.689,9.27c12.359-12.359,32.397-12.359,44.751,0\nc12.354,12.354,12.354,32.388,0,44.748L173.525,225.92l171.903,171.909c12.354,12.354,12.354,32.391,0,44.744\nc-12.354,12.365-32.386,12.365-44.745,0l-194.29-194.281C100.226,242.115,97.141,234.018,97.141,225.92z\"><\/path><\/svg>\n            <\/span>\n            <span class=\"sr-only\">\n              <svg viewBox=\"0 0 451.847 451.847\"><path d=\"M97.141,225.92c0-8.095,3.091-16.192,9.259-22.366L300.689,9.27c12.359-12.359,32.397-12.359,44.751,0\nc12.354,12.354,12.354,32.388,0,44.748L173.525,225.92l171.903,171.909c12.354,12.354,12.354,32.391,0,44.744\nc-12.354,12.365-32.386,12.365-44.745,0l-194.29-194.281C100.226,242.115,97.141,234.018,97.141,225.92z\"><\/path><\/svg>\n            <\/span>\n          <\/a>\n          <a class=\"u-absolute-vcenter u-carousel-control u-carousel-control-next u-grey-70 u-icon-circle u-opacity u-opacity-70 u-spacing-10 u-text-white u-carousel-control-2\" href=\"#carousel-fd0c\" role=\"button\" data-u-slide=\"next\">\n            <span aria-hidden=\"true\">\n              <svg viewBox=\"0 0 451.846 451.847\"><path d=\"M345.441,248.292L151.154,442.573c-12.359,12.365-32.397,12.365-44.75,0c-12.354-12.354-12.354-32.391,0-44.744\nL278.318,225.92L106.409,54.017c-12.354-12.359-12.354-32.394,0-44.748c12.354-12.359,32.391-12.359,44.75,0l194.287,194.284\nc6.177,6.18,9.262,14.271,9.262,22.366C354.708,234.018,351.617,242.115,345.441,248.292z\"><\/path><\/svg>\n            <\/span>\n            <span class=\"sr-only\">\n              <svg viewBox=\"0 0 451.846 451.847\"><path d=\"M345.441,248.292L151.154,442.573c-12.359,12.365-32.397,12.365-44.75,0c-12.354-12.354-12.354-32.391,0-44.744\nL278.318,225.92L106.409,54.017c-12.354-12.359-12.354-32.394,0-44.748c12.354-12.359,32.391-12.359,44.75,0l194.287,194.284\nc6.177,6.18,9.262,14.271,9.262,22.366C354.708,234.018,351.617,242.115,345.441,248.292z\"><\/path><\/svg>\n            <\/span>\n          <\/a>\n        <\/div>\n      <\/div>\n    <\/section>\n    <section class=\"u-clearfix u-white u-section-6\" id=\"sec-9561\">\n      <div class=\"u-clearfix u-sheet u-sheet-1\">\n        <h3 class=\"u-custom-font u-heading-font u-text u-text-custom-color-2 u-text-1\">Vous souhaitez me contacter ?<\/h3>\n        <a href=\"https:\/\/tiphainedebelloy.fr\/?page_id=73\" class=\"u-align-center u-btn u-btn-round u-button-style u-custom-color-2 u-custom-font u-heading-font u-radius-50 u-btn-1\">Cliquer ici ! <\/a>\n      <\/div>\n    <\/section>\n    \n    \n    \n    \n  \n","protected":false},"excerpt":{"rendered":"<p>Artiste sculpteur form\u00e9e en France et en Italie, je sculpte et peins en laissant libre cours \u00e0 ma cr\u00e9ativit\u00e9 et ma sensibilit\u00e9.Pour un devis, une commande particuli\u00e8re, un renseignement, contactez-moi : je serai heureuse d&#8217;\u00e9changer avec vous ! Formed in France and Italy, I sculpt and paint, giving free rein to both my creativity and &hellip; <a href=\"https:\/\/tiphainedebelloy.fr\/\" class=\"more-link\">Continue reading<span class=\"screen-reader-text\"> &#8220;Accueil&#8221;<\/span><\/a><\/p>\n","protected":false},"author":1,"featured_media":0,"parent":0,"menu_order":5,"comment_status":"closed","ping_status":"closed","template":"","meta":{"footnotes":""},"class_list":["post-75","page","type-page","status-publish","hentry"],"_links":{"self":[{"href":"https:\/\/tiphainedebelloy.fr\/index.php?rest_route=\/wp\/v2\/pages\/75"}],"collection":[{"href":"https:\/\/tiphainedebelloy.fr\/index.php?rest_route=\/wp\/v2\/pages"}],"about":[{"href":"https:\/\/tiphainedebelloy.fr\/index.php?rest_route=\/wp\/v2\/types\/page"}],"author":[{"embeddable":true,"href":"https:\/\/tiphainedebelloy.fr\/index.php?rest_route=\/wp\/v2\/users\/1"}],"replies":[{"embeddable":true,"href":"https:\/\/tiphainedebelloy.fr\/index.php?rest_route=%2Fwp%2Fv2%2Fcomments&post=75"}],"version-history":[{"count":60,"href":"https:\/\/tiphainedebelloy.fr\/index.php?rest_route=\/wp\/v2\/pages\/75\/revisions"}],"predecessor-version":[{"id":826,"href":"https:\/\/tiphainedebelloy.fr\/index.php?rest_route=\/wp\/v2\/pages\/75\/revisions\/826"}],"wp:attachment":[{"href":"https:\/\/tiphainedebelloy.fr\/index.php?rest_route=%2Fwp%2Fv2%2Fmedia&parent=75"}],"curies":[{"name":"wp","href":"https:\/\/api.w.org\/{rel}","templated":true}]}}