{"id":72,"date":"2024-02-08T10:37:55","date_gmt":"2024-02-08T09:37:55","guid":{"rendered":"https:\/\/tiphainedebelloy.fr\/?page_id=72"},"modified":"2026-04-25T12:12:51","modified_gmt":"2026-04-25T10:12:51","slug":"sculptures","status":"publish","type":"page","link":"https:\/\/tiphainedebelloy.fr\/?page_id=72","title":{"rendered":"Sculptures"},"content":{"rendered":"\n    \n    <section class=\"u-align-center u-clearfix u-grey-10 u-section-2\" id=\"sec-3e42\">\n      <div class=\"u-clearfix u-sheet u-valign-middle-xl u-sheet-1\">\n        <blockquote class=\"u-align-center u-border-grey-60 u-text u-text-1\">\n          <div>Le visage me fascine parce qu'il est d\u00e9voilement de nos grandes travers\u00e9es int\u00e9rieures. J'aime la d\u00e9licatesse de ce qui sugg\u00e8re sans s'imposer, l'invisible qui se lit en creux de ce qui prend forme dans cette bouleversante mise au monde.<br>\n            <br>\n            <br>\n          <\/div>\n        <\/blockquote>\n        <a href=\"https:\/\/tiphainedebelloy.fr\/?page_id=73\" class=\"u-border-none u-btn u-btn-round u-button-style u-hover-palette-1-dark-1 u-palette-5-dark-1 u-radius u-btn-1\">Pour acheter une oeuvre existante,&nbsp;<br>concevoir une oeuvre, contactez-moi iCI\n        <\/a>\n      <\/div>\n    <\/section>\n    <section class=\"u-align-center u-clearfix u-grey-60 u-section-3\" id=\"sec-5b83\">\n      <div class=\"u-clearfix u-sheet u-valign-top-xs u-sheet-1\">\n        <div class=\"u-expanded-width u-gallery u-layout-grid u-lightbox u-show-text-on-hover u-gallery-1\">\n          <div class=\"u-gallery-inner u-gallery-inner-1\">\n            <div class=\"u-effect-fade u-gallery-item\" data-image-width=\"1080\" data-image-height=\"2340\">\n              <div class=\"u-back-slide\">\n                <img decoding=\"async\" class=\"u-back-image u-expanded\" src=\"https:\/\/tiphainedebelloy.fr\/wp-content\/uploads\/2026\/04\/1000030517.jpg\" alt=\"L&amp;apos;Oncle Jules\">\n              <\/div>\n              <div class=\"u-over-slide u-shading u-over-slide-1\">\n                <h3 class=\"u-gallery-heading\">L'Oncle Jules<\/h3>\n              <\/div>\n            <\/div>\n            <div class=\"u-effect-fade u-gallery-item\" data-image-width=\"3060\" data-image-height=\"4080\">\n              <div class=\"u-back-slide\" data-image-width=\"585\" data-image-height=\"875\">\n                <img decoding=\"async\" class=\"u-back-image u-expanded\" src=\"https:\/\/tiphainedebelloy.fr\/wp-content\/uploads\/2026\/03\/Capture.png\" alt=\"Matador\">\n              <\/div>\n              <div class=\"u-over-slide u-shading u-over-slide-2\">\n                <h3 class=\"u-gallery-heading\">Matador<\/h3>\n                <p class=\"u-gallery-text\">Bronze - 12 tirages num\u00e9rot\u00e9es.<\/p>\n              <\/div>\n            <\/div>\n            <div class=\"u-effect-fade u-gallery-item\" data-image-width=\"1080\" data-image-height=\"2340\">\n              <div class=\"u-back-slide\">\n                <img decoding=\"async\" class=\"u-back-image u-expanded\" src=\"https:\/\/tiphainedebelloy.fr\/wp-content\/uploads\/2026\/04\/1000030515.jpg\">\n              <\/div>\n              <div class=\"u-over-slide u-shading u-over-slide-3\"><\/div>\n            <\/div>\n            <div class=\"u-effect-fade u-gallery-item\" data-image-width=\"1080\" data-image-height=\"2340\">\n              <div class=\"u-back-slide\">\n                <img decoding=\"async\" class=\"u-back-image u-expanded u-back-image-4\" src=\"https:\/\/tiphainedebelloy.fr\/wp-content\/uploads\/2025\/11\/k.jpg\" alt=\"ND du Pr\u00e9cieux Sang\">\n              <\/div>\n              <div class=\"u-over-slide u-shading u-over-slide-4\">\n                <h3 class=\"u-gallery-heading\">ND du Pr\u00e9cieux Sang<\/h3>\n                <p class=\"u-gallery-text\">Hauteur : 40 cm<br>Pl\u00e2tre \n                <\/p>\n              <\/div>\n            <\/div>\n            <div class=\"u-effect-fade u-gallery-item\" data-image-width=\"903\" data-image-height=\"3253\">\n              <div class=\"u-back-slide\" data-image-width=\"1080\" data-image-height=\"2340\">\n                <img decoding=\"async\" class=\"u-back-image u-expanded u-back-image-5\" src=\"https:\/\/tiphainedebelloy.fr\/wp-content\/uploads\/2025\/11\/j.jpg\" alt=\"Notre Dame du Pr\u00e9cieux Sang\">\n              <\/div>\n              <div class=\"u-over-slide u-shading u-over-slide-5\">\n                <h3 class=\"u-gallery-heading\">Notre Dame du Pr\u00e9cieux Sang<\/h3>\n                <p class=\"u-gallery-text\">350\u20ac<\/p>\n              <\/div>\n            <\/div>\n            <div class=\"u-effect-fade u-gallery-item\">\n              <div class=\"u-back-slide\" data-image-width=\"390\" data-image-height=\"585\">\n                <img decoding=\"async\" class=\"u-back-image u-expanded\" src=\"https:\/\/tiphainedebelloy.fr\/wp-content\/uploads\/2025\/09\/jeanne.png\" alt=\"Jeanne d&amp;apos;Arc\">\n              <\/div>\n              <div class=\"u-over-slide u-shading u-over-slide-6\">\n                <h3 class=\"u-gallery-heading\">Jeanne d'Arc<\/h3>\n                <p class=\"u-gallery-text\">Terre et pl\u00e2tre<\/p>\n              <\/div>\n            <\/div>\n            <div class=\"u-effect-fade u-gallery-item u-gallery-item-7\" data-image-width=\"346\" data-image-height=\"660\">\n              <div class=\"u-back-slide u-back-slide-7\" data-image-width=\"800\" data-image-height=\"532\">\n                <img decoding=\"async\" class=\"u-back-image u-expanded u-back-image-7\" src=\"https:\/\/tiphainedebelloy.fr\/wp-content\/uploads\/2026\/01\/1000019813.jpg\" alt=\"La Nativit\u00e9\">\n              <\/div>\n              <div class=\"u-over-slide u-shading u-over-slide-7\">\n                <h3 class=\"u-gallery-heading\">La Nativit\u00e9<\/h3>\n                <p class=\"u-gallery-text\">Hauteur : 60 cm<br>Berceau de l'Enfant J\u00e9sus ind\u00e9pendant. H. 12 cm. <br>Ane ind\u00e9pendant.\n                <\/p>\n              <\/div>\n            <\/div>\n            <div class=\"u-effect-fade u-gallery-item\" data-image-width=\"1024\" data-image-height=\"681\">\n              <div class=\"u-back-slide\">\n                <img decoding=\"async\" class=\"u-back-image u-expanded u-back-image-8\" src=\"https:\/\/tiphainedebelloy.fr\/wp-content\/uploads\/2026\/01\/1000019815.jpg\">\n              <\/div>\n              <div class=\"u-over-slide u-shading u-over-slide-8\"><\/div>\n            <\/div>\n            <div class=\"u-effect-fade u-gallery-item\" data-image-width=\"1530\" data-image-height=\"2040\">\n              <div class=\"u-back-slide\">\n                <img decoding=\"async\" class=\"u-back-image u-expanded u-back-image-9\" src=\"https:\/\/tiphainedebelloy.fr\/wp-content\/uploads\/2025\/12\/creche.jpg\">\n              <\/div>\n              <div class=\"u-over-slide u-shading u-over-slide-9\"><\/div>\n            <\/div>\n            <div class=\"u-effect-fade u-gallery-item\">\n              <div class=\"u-back-slide\" data-image-width=\"1080\" data-image-height=\"1408\">\n                <img decoding=\"async\" class=\"u-back-image u-expanded\" src=\"https:\/\/tiphainedebelloy.fr\/wp-content\/uploads\/2024\/02\/IMG_20240213_201754.jpg\" alt=\"Copie\">\n              <\/div>\n              <div class=\"u-over-slide u-shading u-over-slide-10\">\n                <h3 class=\"u-gallery-heading\">Copie<\/h3>\n              <\/div>\n            <\/div>\n            <div class=\"u-effect-fade u-gallery-item\" data-image-width=\"1864\" data-image-height=\"3064\">\n              <div class=\"u-back-slide\" data-image-width=\"364\" data-image-height=\"494\">\n                <img decoding=\"async\" class=\"u-back-image u-expanded\" src=\"https:\/\/tiphainedebelloy.fr\/wp-content\/uploads\/2025\/09\/cheval-1.png\" alt=\"L&amp;apos;\u00e9cuyer \">\n              <\/div>\n              <div class=\"u-over-slide u-shading u-over-slide-11\">\n                <h3 class=\"u-gallery-heading\">L'\u00e9cuyer <\/h3>\n                <p class=\"u-gallery-text\">Pi\u00e8ce unique.<\/p>\n              <\/div>\n            <\/div>\n            <div class=\"u-effect-fade u-gallery-item\">\n              <div class=\"u-back-slide\" data-image-width=\"2736\" data-image-height=\"3652\">\n                <img decoding=\"async\" class=\"u-back-image u-expanded\" src=\"https:\/\/tiphainedebelloy.fr\/wp-content\/uploads\/2024\/09\/m-scaled.jpg\" alt=\"La Vierge \u00e0 l&amp;apos;enfant\">\n              <\/div>\n              <div class=\"u-over-slide u-shading u-over-slide-12\">\n                <h3 class=\"u-gallery-heading\">La Vierge \u00e0 l'enfant<\/h3>\n                <p class=\"u-gallery-text\">Disponible en pl\u00e2tre <br>60 \u20acuros<br>H. 23 cm<br>Septembre 2024\n                <\/p>\n              <\/div>\n            <\/div>\n            <div class=\"u-effect-fade u-gallery-item\">\n              <div class=\"u-back-slide\" data-image-width=\"3000\" data-image-height=\"4000\">\n                <img decoding=\"async\" class=\"u-back-image u-expanded\" src=\"https:\/\/tiphainedebelloy.fr\/wp-content\/uploads\/2024\/09\/IMG_20231019_202456-1-scaled.jpg\" alt=\"Odyss\u00e9e\">\n              <\/div>\n              <div class=\"u-over-slide u-shading u-over-slide-13\">\n                <h3 class=\"u-gallery-heading\">Odyss\u00e9e<\/h3>\n                <p class=\"u-gallery-text\">Disponible en pl\u00e2tre. <\/p>\n              <\/div>\n            <\/div>\n            <div class=\"u-effect-fade u-gallery-item\">\n              <div class=\"u-back-slide\" data-image-width=\"2160\" data-image-height=\"3840\">\n                <img decoding=\"async\" class=\"u-back-image u-expanded\" src=\"https:\/\/tiphainedebelloy.fr\/wp-content\/uploads\/2024\/09\/tiph-scaled.jpg\" alt=\"Douce\">\n              <\/div>\n              <div class=\"u-over-slide u-shading u-over-slide-14\">\n                <h3 class=\"u-gallery-heading\">Douce<\/h3>\n                <p class=\"u-gallery-text\">Disponible en pl\u00e2tre et bronze<\/p>\n              <\/div>\n            <\/div>\n            <div class=\"u-effect-fade u-gallery-item\" data-image-width=\"1616\" data-image-height=\"3060\">\n              <div class=\"u-back-slide\">\n                <img decoding=\"async\" class=\"u-back-image u-expanded\" src=\"https:\/\/tiphainedebelloy.fr\/wp-content\/uploads\/2025\/02\/IMG_20250207_172843-scaled.jpg\" alt=\"Ga\u00efa\">\n              <\/div>\n              <div class=\"u-over-slide u-shading u-over-slide-15\">\n                <h3 class=\"u-gallery-heading\">Ga\u00efa<\/h3>\n              <\/div>\n            <\/div>\n            <div class=\"u-effect-fade u-gallery-item\">\n              <div class=\"u-back-slide\" data-image-width=\"1200\" data-image-height=\"1600\">\n                <img decoding=\"async\" class=\"u-back-image u-expanded\" src=\"https:\/\/tiphainedebelloy.fr\/wp-content\/uploads\/2024\/09\/IMG-20240901-WA00261.jpg\">\n              <\/div>\n              <div class=\"u-over-slide u-shading u-over-slide-16\">\n                <p class=\"u-gallery-text\">Terre cuite.<br>\n                <\/p>\n              <\/div>\n            <\/div>\n            <div class=\"u-effect-fade u-gallery-item\">\n              <div class=\"u-back-slide\" data-image-width=\"1066\" data-image-height=\"1600\">\n                <img decoding=\"async\" class=\"u-back-image u-expanded\" src=\"https:\/\/tiphainedebelloy.fr\/wp-content\/uploads\/2024\/08\/IMG-20240810-WA0043.jpg\">\n              <\/div>\n              <div class=\"u-over-slide u-shading u-over-slide-17\">\n                <p class=\"u-gallery-text\">Disponible en pl\u00e2tre. <\/p>\n              <\/div>\n            <\/div>\n            <div class=\"u-effect-fade u-gallery-item\">\n              <div class=\"u-back-slide\" data-image-width=\"1066\" data-image-height=\"1600\">\n                <img decoding=\"async\" class=\"u-back-image u-expanded\" src=\"https:\/\/tiphainedebelloy.fr\/wp-content\/uploads\/2024\/08\/IMG-20240810-WA0044.jpg\" alt=\"Le grand pays de l\u2019enfance\">\n              <\/div>\n              <div class=\"u-over-slide u-shading u-over-slide-18\">\n                <h3 class=\"u-gallery-heading\">Le grand pays de l\u2019enfance<\/h3>\n              <\/div>\n            <\/div>\n            <div class=\"u-effect-fade u-gallery-item\">\n              <div class=\"u-back-slide\" data-image-width=\"1067\" data-image-height=\"1600\">\n                <img decoding=\"async\" class=\"u-back-image u-expanded\" src=\"https:\/\/tiphainedebelloy.fr\/wp-content\/uploads\/2024\/08\/IMG-20240810-WA0021.jpg\" alt=\"Int\u00e9riorit\u00e9\">\n              <\/div>\n              <div class=\"u-over-slide u-shading u-over-slide-19\">\n                <h3 class=\"u-gallery-heading\">Int\u00e9riorit\u00e9<\/h3>\n              <\/div>\n            <\/div>\n            <div class=\"u-effect-fade u-gallery-item\">\n              <div class=\"u-back-slide\" data-image-width=\"1066\" data-image-height=\"1600\">\n                <img decoding=\"async\" class=\"u-back-image u-expanded\" src=\"https:\/\/tiphainedebelloy.fr\/wp-content\/uploads\/2024\/08\/IMG-20240810-WA0040.jpg\">\n              <\/div>\n              <div class=\"u-over-slide u-shading u-over-slide-20\"><\/div>\n            <\/div>\n            <div class=\"u-effect-fade u-gallery-item\">\n              <div class=\"u-back-slide\" data-image-width=\"1920\" data-image-height=\"2560\">\n                <img decoding=\"async\" class=\"u-back-image u-expanded\" src=\"https:\/\/tiphainedebelloy.fr\/wp-content\/uploads\/2024\/07\/unnamed-1152x1536.jpg\" alt=\"Senza gli altri\">\n              <\/div>\n              <div class=\"u-over-slide u-shading u-over-slide-21\">\n                <h3 class=\"u-gallery-heading\">Senza gli altri<\/h3>\n              <\/div>\n            <\/div>\n          <\/div>\n        <\/div>\n      <\/div>\n    <\/section>\n    \n    \n    \n    \n  \n","protected":false},"excerpt":{"rendered":"<p>Le visage me fascine parce qu&#8217;il est d\u00e9voilement de nos grandes travers\u00e9es int\u00e9rieures. J&#8217;aime la d\u00e9licatesse de ce qui sugg\u00e8re sans s&#8217;imposer, l&#8217;invisible qui se lit en creux de ce qui prend forme dans cette bouleversante mise au monde. Pour acheter une oeuvre existante,&nbsp;concevoir une oeuvre, contactez-moi iCI L&#8217;Oncle Jules Matador Bronze &#8211; 12 tirages &hellip; <a href=\"https:\/\/tiphainedebelloy.fr\/?page_id=72\" class=\"more-link\">Continue reading<span class=\"screen-reader-text\"> &#8220;Sculptures&#8221;<\/span><\/a><\/p>\n","protected":false},"author":1,"featured_media":0,"parent":0,"menu_order":2,"comment_status":"closed","ping_status":"closed","template":"","meta":{"footnotes":""},"class_list":["post-72","page","type-page","status-publish","hentry"],"_links":{"self":[{"href":"https:\/\/tiphainedebelloy.fr\/index.php?rest_route=\/wp\/v2\/pages\/72"}],"collection":[{"href":"https:\/\/tiphainedebelloy.fr\/index.php?rest_route=\/wp\/v2\/pages"}],"about":[{"href":"https:\/\/tiphainedebelloy.fr\/index.php?rest_route=\/wp\/v2\/types\/page"}],"author":[{"embeddable":true,"href":"https:\/\/tiphainedebelloy.fr\/index.php?rest_route=\/wp\/v2\/users\/1"}],"replies":[{"embeddable":true,"href":"https:\/\/tiphainedebelloy.fr\/index.php?rest_route=%2Fwp%2Fv2%2Fcomments&post=72"}],"version-history":[{"count":110,"href":"https:\/\/tiphainedebelloy.fr\/index.php?rest_route=\/wp\/v2\/pages\/72\/revisions"}],"predecessor-version":[{"id":845,"href":"https:\/\/tiphainedebelloy.fr\/index.php?rest_route=\/wp\/v2\/pages\/72\/revisions\/845"}],"wp:attachment":[{"href":"https:\/\/tiphainedebelloy.fr\/index.php?rest_route=%2Fwp%2Fv2%2Fmedia&parent=72"}],"curies":[{"name":"wp","href":"https:\/\/api.w.org\/{rel}","templated":true}]}}