{"id":71,"date":"2024-02-08T10:37:54","date_gmt":"2024-02-08T09:37:54","guid":{"rendered":"https:\/\/tiphainedebelloy.fr\/?page_id=71"},"modified":"2026-01-19T13:09:04","modified_gmt":"2026-01-19T12:09:04","slug":"peintures","status":"publish","type":"page","link":"https:\/\/tiphainedebelloy.fr\/?page_id=71","title":{"rendered":"Peintures et dessins"},"content":{"rendered":"\n    \n    <section class=\"u-align-center u-clearfix u-custom-color-10 u-section-2\" id=\"sec-d055\">\n      <div class=\"u-clearfix u-sheet u-sheet-1\">\n        <blockquote class=\"u-border-grey-70 u-text u-text-default-lg u-text-default-md u-text-default-xl u-text-1\">\n          <div>Les peintures et dessins sont disponibles sur demande.<br>\n          <\/div>\n          <br> Quaesivi vultum tuum<div><\/div>\n        <\/blockquote>\n        <div class=\"u-expanded-width u-gallery u-layout-grid u-lightbox u-show-text-on-hover u-gallery-1\">\n          <div class=\"u-gallery-inner u-gallery-inner-1\">\n            <div class=\"u-effect-fade u-gallery-item\">\n              <div class=\"u-back-slide\" data-image-width=\"2560\" data-image-height=\"2560\">\n                <img decoding=\"async\" class=\"u-back-image u-expanded\" src=\"https:\/\/tiphainedebelloy.fr\/wp-content\/uploads\/2024\/06\/IMG_20240605_165747-1536x1536.jpg\" alt=\"Souveraine\">\n              <\/div>\n              <div class=\"u-over-slide u-shading u-over-slide-1\">\n                <h3 class=\"u-gallery-heading\">Souveraine<\/h3>\n              <\/div>\n            <\/div>\n            <div class=\"u-effect-fade u-gallery-item\" data-image-width=\"678\" data-image-height=\"658\">\n              <div class=\"u-back-slide\" data-image-width=\"1500\" data-image-height=\"1500\">\n                <img decoding=\"async\" class=\"u-back-image u-expanded\" src=\"https:\/\/tiphainedebelloy.fr\/wp-content\/uploads\/2025\/06\/2.png\" alt=\"Vendu\">\n              <\/div>\n              <div class=\"u-over-slide u-shading u-over-slide-2\">\n                <h3 class=\"u-gallery-heading\">Vendu<\/h3>\n              <\/div>\n            <\/div>\n            <div class=\"u-effect-fade u-gallery-item\" data-image-width=\"569\" data-image-height=\"685\">\n              <div class=\"u-back-slide\" data-image-width=\"2883\" data-image-height=\"3490\">\n                <img decoding=\"async\" class=\"u-back-image u-expanded\" src=\"https:\/\/tiphainedebelloy.fr\/wp-content\/uploads\/2025\/09\/20250910_083007-scaled.jpg\" alt=\"La nuit comme le jour est lumi\u00e8re\">\n              <\/div>\n              <div class=\"u-over-slide u-shading u-over-slide-3\">\n                <h3 class=\"u-gallery-heading\">La nuit comme le jour est lumi\u00e8re<\/h3>\n              <\/div>\n            <\/div>\n            <div class=\"u-effect-fade u-gallery-item\" data-image-width=\"1772\" data-image-height=\"3808\">\n              <div class=\"u-back-slide\" data-image-width=\"1964\" data-image-height=\"3912\">\n                <img decoding=\"async\" class=\"u-back-image u-expanded\" src=\"https:\/\/tiphainedebelloy.fr\/wp-content\/uploads\/2025\/05\/klm-scaled.jpg\" alt=\"Anna\">\n              <\/div>\n              <div class=\"u-over-slide u-shading u-over-slide-4\">\n                <h3 class=\"u-gallery-heading\">Anna<\/h3>\n                <p class=\"u-gallery-text\">100 \u00d7 50 - Roma paper<\/p>\n              <\/div>\n            <\/div>\n            <div class=\"u-effect-fade u-gallery-item\" data-image-width=\"2882\" data-image-height=\"3532\">\n              <div class=\"u-back-slide\">\n                <img decoding=\"async\" class=\"u-back-image u-expanded\" src=\"https:\/\/tiphainedebelloy.fr\/wp-content\/uploads\/2025\/09\/20250910_082814-scaled.jpg\">\n              <\/div>\n              <div class=\"u-over-slide u-shading u-over-slide-5\"><\/div>\n            <\/div>\n            <div class=\"u-effect-fade u-gallery-item\" data-image-width=\"3000\" data-image-height=\"4000\">\n              <div class=\"u-back-slide\" data-image-width=\"2055\" data-image-height=\"2560\">\n                <img decoding=\"async\" class=\"u-back-image u-expanded\" src=\"https:\/\/tiphainedebelloy.fr\/wp-content\/uploads\/2024\/12\/lm-1233x1536.jpg\" alt=\"Bruna\">\n              <\/div>\n              <div class=\"u-over-slide u-shading u-over-slide-6\">\n                <h3 class=\"u-gallery-heading\">Bruna<\/h3>\n              <\/div>\n            <\/div>\n            <div class=\"u-effect-fade u-gallery-item\">\n              <div class=\"u-back-slide\" data-image-width=\"1920\" data-image-height=\"2560\">\n                <img decoding=\"async\" class=\"u-back-image u-expanded\" src=\"https:\/\/tiphainedebelloy.fr\/wp-content\/uploads\/2024\/07\/3-1152x1536.jpg\" alt=\"Les passages - Vendue\">\n              <\/div>\n              <div class=\"u-over-slide u-shading u-over-slide-7\">\n                <h3 class=\"u-gallery-heading\">Les passages - Vendue<\/h3>\n                <p class=\"u-gallery-text\">Dans la travers\u00e9e de l\u2019existence, l\u2019\u00eatre s\u2019approfondit de rencontres, de passages, d\u2019obscurit\u00e9s, de lumi\u00e8res.<br>- VENDU - Acrylique, 50 x 60 cm -<br>\n                <\/p>\n              <\/div>\n            <\/div>\n            <div class=\"u-effect-fade u-gallery-item\" data-image-width=\"3000\" data-image-height=\"4000\">\n              <div class=\"u-back-slide\">\n                <img decoding=\"async\" class=\"u-back-image u-expanded\" src=\"https:\/\/tiphainedebelloy.fr\/wp-content\/uploads\/2025\/01\/o-scaled.jpg\">\n              <\/div>\n              <div class=\"u-over-slide u-shading u-over-slide-8\"><\/div>\n            <\/div>\n            <div class=\"u-effect-fade u-gallery-item\">\n              <div class=\"u-back-slide\" data-image-width=\"2560\" data-image-height=\"2560\">\n                <img decoding=\"async\" class=\"u-back-image u-expanded\" src=\"https:\/\/tiphainedebelloy.fr\/wp-content\/uploads\/2024\/09\/E-1536x1536.jpg\" alt=\"Lumi\u00e8res - Vendue\">\n              <\/div>\n              <div class=\"u-over-slide u-shading u-over-slide-9\">\n                <h3 class=\"u-gallery-heading\">Lumi\u00e8res - Vendue<\/h3>\n                <p class=\"u-gallery-text\">Acrylique, 41 x 60 cm<\/p>\n              <\/div>\n            <\/div>\n            <div class=\"u-effect-fade u-gallery-item\" data-image-width=\"1200\" data-image-height=\"1600\">\n              <div class=\"u-back-slide\">\n                <img decoding=\"async\" class=\"u-back-image u-expanded u-back-image-10\" src=\"https:\/\/tiphainedebelloy.fr\/wp-content\/uploads\/2024\/10\/tdbb.jpg\">\n              <\/div>\n              <div class=\"u-over-slide u-shading u-over-slide-10\">\n                <p class=\"u-gallery-text\">\" Tant qu\u2019il y aura une aurore qui annonce le jour, un oiseau qui se gonfle de chant, une fleur qui embaume l\u2019air, un visage qui nous \u00e9meut, une main qui esquisse un geste de tendresse, nous nous attarderons sur cette terre si souvent d\u00e9vast\u00e9e.\"<br>Fran\u00e7ois Cheng\n                <\/p>\n              <\/div>\n            <\/div>\n            <div class=\"u-effect-fade u-gallery-item\" data-image-width=\"1200\" data-image-height=\"1600\">\n              <div class=\"u-back-slide\" data-image-width=\"1200\" data-image-height=\"1600\">\n                <img decoding=\"async\" class=\"u-back-image u-expanded u-back-image-11\" src=\"https:\/\/tiphainedebelloy.fr\/wp-content\/uploads\/2025\/06\/m.jpg\" alt=\"Ic\u00f4ne\">\n              <\/div>\n              <div class=\"u-over-slide u-shading u-over-slide-11\">\n                <h3 class=\"u-gallery-heading\">Ic\u00f4ne<\/h3>\n              <\/div>\n            <\/div>\n            <div class=\"u-effect-fade u-gallery-item\" data-image-width=\"1234\" data-image-height=\"1714\">\n              <div class=\"u-back-slide\" data-image-width=\"1234\" data-image-height=\"1714\">\n                <img decoding=\"async\" class=\"u-back-image u-expanded\" src=\"https:\/\/tiphainedebelloy.fr\/wp-content\/uploads\/2025\/11\/put.jpg\">\n              <\/div>\n              <div class=\"u-over-slide u-shading u-over-slide-12\"><\/div>\n            <\/div>\n            <div class=\"u-effect-fade u-gallery-item\">\n              <div class=\"u-back-slide\" data-image-width=\"1920\" data-image-height=\"2560\">\n                <img decoding=\"async\" class=\"u-back-image u-expanded\" src=\"https:\/\/tiphainedebelloy.fr\/wp-content\/uploads\/2024\/07\/1-1152x1536.jpg\" alt=\"Beeaut\u00e9s \u00e9parsees - Vendue\">\n              <\/div>\n              <div class=\"u-over-slide u-shading u-over-slide-13\">\n                <h3 class=\"u-gallery-heading\">Beeaut\u00e9s \u00e9parsees - Vendue<\/h3>\n                <p class=\"u-gallery-text\">\u201cLe paradis est \u00e9pars, je le sais,<br>C'est la t\u00e2che terrestre d'en reconna\u00eetre,<br> Les fleurs diss\u00e9min\u00e9es dans l'herbe.\u201d<br>Yves Bonnefoy<br> - VENDU -<br>\n                <\/p>\n              <\/div>\n            <\/div>\n            <div class=\"u-effect-fade u-gallery-item\">\n              <div class=\"u-back-slide\" data-image-width=\"1500\" data-image-height=\"1500\">\n                <img decoding=\"async\" class=\"u-back-image u-expanded\" src=\"https:\/\/tiphainedebelloy.fr\/wp-content\/uploads\/2024\/09\/IMG_20240906_181707-1.jpg\" alt=\"La source\">\n              <\/div>\n              <div class=\"u-over-slide u-shading u-over-slide-14\">\n                <h3 class=\"u-gallery-heading\">La source<\/h3>\n                <p class=\"u-gallery-text\">\" Zu Gott sollst Du nicht schreien<br>Der Brunnquell ist in Dir<br>Verlegest Du d'en Ausgang nicht,<br>Dann flosset es f\u00fcr und f\u00fcr  \"<br>- Acrylique, 50 x 60 cm -<br>\n                <\/p>\n              <\/div>\n            <\/div>\n            <div class=\"u-effect-fade u-gallery-item\">\n              <div class=\"u-back-slide\" data-image-width=\"2560\" data-image-height=\"2560\">\n                <img decoding=\"async\" class=\"u-back-image u-expanded\" src=\"https:\/\/tiphainedebelloy.fr\/wp-content\/uploads\/2024\/09\/IMG_20240905_195708-1536x1536.jpg\" alt=\"Lumi\u00e8res\">\n              <\/div>\n              <div class=\"u-over-slide u-shading u-over-slide-15\">\n                <h3 class=\"u-gallery-heading\">Lumi\u00e8res<\/h3>\n                <p class=\"u-gallery-text\">- VENDU - Acrylique, 41 x 60 cm<\/p>\n              <\/div>\n            <\/div>\n            <div class=\"u-effect-fade u-gallery-item\" data-image-width=\"2560\" data-image-height=\"2560\">\n              <div class=\"u-back-slide\">\n                <img decoding=\"async\" class=\"u-back-image u-expanded\" src=\"https:\/\/tiphainedebelloy.fr\/wp-content\/uploads\/2024\/06\/IMG_20240605_164703-scaled.jpg\" alt=\"L&amp;apos;heureuse mari\u00e9e\">\n              <\/div>\n              <div class=\"u-over-slide u-shading u-over-slide-16\">\n                <h3 class=\"u-gallery-heading\">L'heureuse mari\u00e9e<\/h3>\n              <\/div>\n            <\/div>\n            <div class=\"u-effect-fade u-gallery-item\">\n              <div class=\"u-back-slide\" data-image-width=\"2796\" data-image-height=\"3216\">\n                <img decoding=\"async\" class=\"u-back-image u-expanded\" src=\"https:\/\/tiphainedebelloy.fr\/wp-content\/uploads\/2024\/09\/IMG_20240906_150532-scaled.jpg\" alt=\"A g\u00e9om\u00e9trie variable\">\n              <\/div>\n              <div class=\"u-over-slide u-shading u-over-slide-17\">\n                <h3 class=\"u-gallery-heading\">A g\u00e9om\u00e9trie variable<\/h3>\n              <\/div>\n            <\/div>\n          <\/div>\n        <\/div>\n      <\/div>\n    <\/section>\n    \n    \n    \n    \n  \n","protected":false},"excerpt":{"rendered":"<p>Les peintures et dessins sont disponibles sur demande. Quaesivi vultum tuum Souveraine Vendu La nuit comme le jour est lumi\u00e8re Anna 100 \u00d7 50 &#8211; Roma paper Bruna Les passages &#8211; Vendue Dans la travers\u00e9e de l\u2019existence, l\u2019\u00eatre s\u2019approfondit de rencontres, de passages, d\u2019obscurit\u00e9s, de lumi\u00e8res.- VENDU &#8211; Acrylique, 50 x 60 cm &#8211; Lumi\u00e8res &hellip; <a href=\"https:\/\/tiphainedebelloy.fr\/?page_id=71\" class=\"more-link\">Continue reading<span class=\"screen-reader-text\"> &#8220;Peintures et dessins&#8221;<\/span><\/a><\/p>\n","protected":false},"author":1,"featured_media":0,"parent":0,"menu_order":1,"comment_status":"closed","ping_status":"closed","template":"","meta":{"footnotes":""},"class_list":["post-71","page","type-page","status-publish","hentry"],"_links":{"self":[{"href":"https:\/\/tiphainedebelloy.fr\/index.php?rest_route=\/wp\/v2\/pages\/71"}],"collection":[{"href":"https:\/\/tiphainedebelloy.fr\/index.php?rest_route=\/wp\/v2\/pages"}],"about":[{"href":"https:\/\/tiphainedebelloy.fr\/index.php?rest_route=\/wp\/v2\/types\/page"}],"author":[{"embeddable":true,"href":"https:\/\/tiphainedebelloy.fr\/index.php?rest_route=\/wp\/v2\/users\/1"}],"replies":[{"embeddable":true,"href":"https:\/\/tiphainedebelloy.fr\/index.php?rest_route=%2Fwp%2Fv2%2Fcomments&post=71"}],"version-history":[{"count":122,"href":"https:\/\/tiphainedebelloy.fr\/index.php?rest_route=\/wp\/v2\/pages\/71\/revisions"}],"predecessor-version":[{"id":834,"href":"https:\/\/tiphainedebelloy.fr\/index.php?rest_route=\/wp\/v2\/pages\/71\/revisions\/834"}],"wp:attachment":[{"href":"https:\/\/tiphainedebelloy.fr\/index.php?rest_route=%2Fwp%2Fv2%2Fmedia&parent=71"}],"curies":[{"name":"wp","href":"https:\/\/api.w.org\/{rel}","templated":true}]}}