{"id":613,"date":"2024-09-18T13:36:54","date_gmt":"2024-09-18T11:36:54","guid":{"rendered":"https:\/\/tiphainedebelloy.fr\/?page_id=613"},"modified":"2026-01-19T13:05:24","modified_gmt":"2026-01-19T12:05:24","slug":"qui-suis-je-2","status":"publish","type":"page","link":"https:\/\/tiphainedebelloy.fr\/?page_id=613","title":{"rendered":"Qui suis-je"},"content":{"rendered":"\n    \n    <section class=\"u-border-2 u-border-grey-15 u-clearfix u-palette-5-light-1 u-section-2\" id=\"sec-aae7\">\n      <div class=\"u-clearfix u-sheet u-sheet-1\">\n        <div class=\"u-image u-image-circle u-image-1\" alt=\"\" data-image-width=\"2048\" data-image-height=\"1364\" style=\"background-image: url(&quot;https:\/\/tiphainedebelloy.fr\/wp-content\/uploads\/2024\/08\/IMG_20240802_213152.jpg&quot;);\"><\/div>\n        <p class=\"u-align-center u-custom-font u-font-roboto u-text u-text-1\">\n          <span style=\"font-style: normal;\">&nbsp;<\/span>\n          <br>2024 - Italie, Scuola di Arte Sacra : master d'Arts Sacr\u00e9s<br>2024 - Italie, Florence Academy of Art : drawing and sculpture program<br>\n          <span style=\"font-style: normal;\">2023 - France, Paris : Ateliers M. Nourrissat, J-C Mainardis et M. La Varende<\/span>\n          <br>2010 \/2015 - Master de Lettres et licence de sciences-politiques<br>\n          <br>\n          <span style=\"font-style: normal;\">En juillet 2023, je r\u00e9ponds \u00e0 l'imp\u00e9rieux besoin de libert\u00e9 et de silence int\u00e9rieur et quitte mon emploi. Je d\u00e9couvre alors la terre, puis la peinture et le dessin. Pendant 8 mois, je travaille dans un petit 8m2 sous les toits de Paris avant de m'envoler pour Florence. Au coeur de la Toscane, j'apprends \u00e0 observer, sculpter et dessiner. Aujourd'hui install\u00e9e \u00e0 Beaune dans la magnifique Bourgogne, j'alterne travail de la terre dans les vignes et travail de l'argile avant de la cuire, ou de faire des tirages en pl\u00e2tre, bronze. Mon travail est irrigu\u00e9 par mon incessante interrogation devant l'existence humaine ; sa beaut\u00e9, son immense fragilit\u00e9, sa temporalit\u00e9.&nbsp;<\/span>\n          <br>\n          <br>Vous souhaitez acheter une oeuvre existante ? Vous souhaitez cr\u00e9er une pi\u00e8ce unique ? Vous souhaitez que l'on affine un projet ensemble ? Contactez-moi via le formulaire de contact : je me ferai une joie d'\u00e9changer avec vous !<br>\n        <\/p>\n      <\/div>\n    <\/section>\n    <section class=\"u-align-center u-clearfix u-white u-section-3\" id=\"sec-c668\">\n      <div class=\"u-clearfix u-sheet u-sheet-1\">\n        <div class=\"u-carousel u-gallery u-gallery-slider u-layout-carousel u-lightbox u-no-transition u-show-text-on-hover u-gallery-1\" id=\"carousel-305b\" data-interval=\"5000\" data-u-ride=\"carousel\">\n          <ol class=\"u-absolute-hcenter u-carousel-indicators u-carousel-indicators-1\">\n            <li data-u-target=\"#carousel-305b\" data-u-slide-to=\"0\" class=\"u-active u-grey-70 u-shape-circle\" style=\"width: 10px; height: 10px;\"><\/li>\n            <li data-u-target=\"#carousel-305b\" data-u-slide-to=\"1\" class=\"u-grey-70 u-shape-circle\" style=\"width: 10px; height: 10px;\"><\/li>\n          <\/ol>\n          <div class=\"u-carousel-inner u-gallery-inner\" role=\"listbox\">\n            <div class=\"u-active u-carousel-item u-effect-fade u-gallery-item u-carousel-item-1\">\n              <div class=\"u-back-slide\" data-image-width=\"1500\" data-image-height=\"1500\">\n                <img decoding=\"async\" class=\"u-back-image u-expanded\" src=\"https:\/\/tiphainedebelloy.fr\/wp-content\/uploads\/2025\/06\/G.png\">\n              <\/div>\n              <div class=\"u-align-center u-over-slide u-shading u-valign-bottom u-over-slide-1\"><\/div>\n            <\/div>\n            <div class=\"u-carousel-item u-effect-fade u-gallery-item u-carousel-item-2\">\n              <div class=\"u-back-slide\" data-image-width=\"1500\" data-image-height=\"1500\">\n                <img decoding=\"async\" class=\"u-back-image u-expanded\" src=\"https:\/\/tiphainedebelloy.fr\/wp-content\/uploads\/2025\/06\/H.png\">\n              <\/div>\n              <div class=\"u-align-center u-over-slide u-shading u-valign-bottom u-over-slide-2\"><\/div>\n            <\/div>\n          <\/div>\n          <a class=\"u-absolute-vcenter u-carousel-control u-carousel-control-prev u-grey-70 u-icon-circle u-opacity u-opacity-70 u-spacing-10 u-text-white u-carousel-control-1\" href=\"#carousel-305b\" role=\"button\" data-u-slide=\"prev\">\n            <span aria-hidden=\"true\">\n              <svg viewBox=\"0 0 451.847 451.847\"><path d=\"M97.141,225.92c0-8.095,3.091-16.192,9.259-22.366L300.689,9.27c12.359-12.359,32.397-12.359,44.751,0\nc12.354,12.354,12.354,32.388,0,44.748L173.525,225.92l171.903,171.909c12.354,12.354,12.354,32.391,0,44.744\nc-12.354,12.365-32.386,12.365-44.745,0l-194.29-194.281C100.226,242.115,97.141,234.018,97.141,225.92z\"><\/path><\/svg>\n            <\/span>\n            <span class=\"sr-only\">\n              <svg viewBox=\"0 0 451.847 451.847\"><path d=\"M97.141,225.92c0-8.095,3.091-16.192,9.259-22.366L300.689,9.27c12.359-12.359,32.397-12.359,44.751,0\nc12.354,12.354,12.354,32.388,0,44.748L173.525,225.92l171.903,171.909c12.354,12.354,12.354,32.391,0,44.744\nc-12.354,12.365-32.386,12.365-44.745,0l-194.29-194.281C100.226,242.115,97.141,234.018,97.141,225.92z\"><\/path><\/svg>\n            <\/span>\n          <\/a>\n          <a class=\"u-absolute-vcenter u-carousel-control u-carousel-control-next u-grey-70 u-icon-circle u-opacity u-opacity-70 u-spacing-10 u-text-white u-carousel-control-2\" href=\"#carousel-305b\" role=\"button\" data-u-slide=\"next\">\n            <span aria-hidden=\"true\">\n              <svg viewBox=\"0 0 451.846 451.847\"><path d=\"M345.441,248.292L151.154,442.573c-12.359,12.365-32.397,12.365-44.75,0c-12.354-12.354-12.354-32.391,0-44.744\nL278.318,225.92L106.409,54.017c-12.354-12.359-12.354-32.394,0-44.748c12.354-12.359,32.391-12.359,44.75,0l194.287,194.284\nc6.177,6.18,9.262,14.271,9.262,22.366C354.708,234.018,351.617,242.115,345.441,248.292z\"><\/path><\/svg>\n            <\/span>\n            <span class=\"sr-only\">\n              <svg viewBox=\"0 0 451.846 451.847\"><path d=\"M345.441,248.292L151.154,442.573c-12.359,12.365-32.397,12.365-44.75,0c-12.354-12.354-12.354-32.391,0-44.744\nL278.318,225.92L106.409,54.017c-12.354-12.359-12.354-32.394,0-44.748c12.354-12.359,32.391-12.359,44.75,0l194.287,194.284\nc6.177,6.18,9.262,14.271,9.262,22.366C354.708,234.018,351.617,242.115,345.441,248.292z\"><\/path><\/svg>\n            <\/span>\n          <\/a>\n        <\/div>\n      <\/div>\n    <\/section>\n    <section class=\"u-align-center u-clearfix u-white u-section-4\" id=\"sec-7d2c\">\n      <div class=\"u-clearfix u-sheet u-sheet-1\">\n        <h5 class=\"u-align-center u-text u-text-default u-text-1\">Et quelques citations...<\/h5>\n        <p class=\"u-align-center u-custom-font u-heading-font u-text u-text-2\"> \u00ab L'art figuratif est \u00e9cole de l'attention, de l'\u00e9coute, du r\u00e9el - disposition de soi en creux - ; c'est un chemin vers l'au-del\u00e0 de l'image, vers l'au-del\u00e0 du visage.\"<br>\n          <br>Simone WEIL,&nbsp; dans Pens\u00e9es sans ordre concernant l'amour de Dieu \u00ab&nbsp;Combien de fois la clart\u00e9 des \u00e9toiles, le bruit des vagues de la mer, le silence de l'heure qui pr\u00e9c\u00e8de l'aube<br>&nbsp;viennent-ils vainement se proposer \u00e0 l'attention des hommes&nbsp;? [...] \"<br>\n          <br>Georges ROUAULT&nbsp;<br>\"En fait, ce qui est beau reste cach\u00e9 et il en a toujours \u00e9t\u00e9 ainsi. Il faut \u00eatre digne de le chercher et de pers\u00e9v\u00e9rer jusqu'\u00e0 sa mort pour le trouver. Il y aura toujours peine et tourment pour celui qui s'engage dans cette qu\u00eate mais aussi joie profonde et silencieuse.\"<br>\" Adore tout ce qui vit sous le ciel \u2013 la lumi\u00e8re est si belle, la demi-teinte et m\u00eame les t\u00e9n\u00e8bres. Ne t\u2019enfuis pas devant la douleur ou la mis\u00e8re comme le cerf aux abois pourchass\u00e9 par les chiens \u2013 ne c\u00e8de jamais la moindre parcelle de ce que tu sens si bien au-dedans de toi-m\u00eame, pour des int\u00e9r\u00eats pr\u00e9caires, des privil\u00e8ges ou des honneurs trompeurs.\"<br>\n          <br>Hermann HESSE, dans Narcisse et Goldmund \" Peut-\u00eatre, pensait-il, la source de tout art et sans doute aussi de toute pens\u00e9e est-elle la crainte de la mort. Nous la craignons, nous frissonnons en pr\u00e9sence de l'instabilit\u00e9 des choses, nous voyons avec tristesse les fleurs se faner, les feuilles tomber chaque ann\u00e9e, et nous sentons manifestement dans notre propre c\u0153ur que nous sommes, nous aussi, \u00e9ph\u00e9m\u00e8res et que nous fanerons bient\u00f4t. Lorsque, comme artistes, nous cr\u00e9ons des formes ou bien, comme penseurs, cherchons des lois ou formulons des id\u00e9es, nous le faisons pour arriver tout de m\u00eame \u00e0 sauver quelque chose de la grande danse macabre, pour fixer quelque chose qui ait plus de dur\u00e9e que nous-m\u00eames. La femme d'apr\u00e8s laquelle le ma\u00eetre a sculpt\u00e9 sa madone est peut-\u00eatre d\u00e9j\u00e0 fan\u00e9e ou morte et bient\u00f4t il sera mort lui-m\u00eame, d'autres habiteront sa maison, mangeront \u00e0 sa table, mais son \u0153uvre restera, dans la silencieuse \u00e9glise du clo\u00eetre elle brillera encore au bout de cent ans et bien au-del\u00e0 et demeurera toujours belle, souriant toujours du m\u00eame sourire triste dans son \u00e9ternelle jeunesse. \"<br>\n          <br>KANDINSKY, dans Du spirituel dans l'art et la peinture en particulier \" Chaque tableau enferme myst\u00e9rieusement toute une vie, une vie avec ses souffrances, ses doutes, ses heures d\u2019enthousiasme et de lumi\u00e8re.\"<br>\n          <br>L\u00e9on BLOY, dans Ex\u00e9g\u00e8se des lieux communs \" Je l'ai d\u00e9j\u00e0 dit et je serai bien forc\u00e9 de le dire encore : pr\u00e9f\u00e9rer ce qui est noble \u00e0 ce qui est ignoble et ce qui est beau \u00e0 ce qui est hideux, chercher \u00e0 comprendre, tenter la conqu\u00eate de n'importe quoi en sautant par dessus b\u00f4rnes et cl\u00f4tures ; vouloir vivre enfin ; voil\u00e0 ce qui tombe sous l'anath\u00e8me \"<br>\n          <br> \"St BONAVENTURE \u00ab Il contemplait dans les belles choses le Tr\u00e8s Beau et, en suivant les traces imprim\u00e9es dans les cr\u00e9atures, il poursuivait partout le Bien-Aim\u00e9&nbsp;\u00bb&nbsp;<br>\n          <br>BALZAC, Le Chef d'oeuvre Inconnu \" \u2014 La mission de l\u2019art n\u2019est pas de copier la nature, mais de l\u2019exprimer ! Tu n\u2019es pas un vil copiste, mais un po\u00e8te ! [...] Nous avons \u00e0 saisir l\u2019esprit, l\u2019\u00e2me, la physionomie des choses et des \u00eatres. [...]Une main, puisque j\u2019ai pris cet exemple, une main ne tient pas seulement au corps, elle exprime et continue une pens\u00e9e qu\u2019il faut saisir et rendre. Ni le peintre, ni le po\u00e8te, ni le sculpteur ne doivent s\u00e9parer l\u2019effet de la cause qui sont invinciblement l\u2019un dans l\u2019autre ! La v\u00e9ritable lutte est l\u00e0.\"&nbsp;<br>\n          <br>\" ...Et surtout, comble toi-m\u00eame les vides de mon oeuvre \"\n        <\/p>\n      <\/div>\n    <\/section>\n    \n    \n    \n    \n  \n","protected":false},"excerpt":{"rendered":"<p>&nbsp; 2024 &#8211; Italie, Scuola di Arte Sacra : master d&#8217;Arts Sacr\u00e9s2024 &#8211; Italie, Florence Academy of Art : drawing and sculpture program 2023 &#8211; France, Paris : Ateliers M. Nourrissat, J-C Mainardis et M. La Varende 2010 \/2015 &#8211; Master de Lettres et licence de sciences-politiques En juillet 2023, je r\u00e9ponds \u00e0 l&#8217;imp\u00e9rieux besoin &hellip; <a href=\"https:\/\/tiphainedebelloy.fr\/?page_id=613\" class=\"more-link\">Continue reading<span class=\"screen-reader-text\"> &#8220;Qui suis-je&#8221;<\/span><\/a><\/p>\n","protected":false},"author":1,"featured_media":0,"parent":0,"menu_order":0,"comment_status":"closed","ping_status":"closed","template":"","meta":{"footnotes":""},"class_list":["post-613","page","type-page","status-publish","hentry"],"_links":{"self":[{"href":"https:\/\/tiphainedebelloy.fr\/index.php?rest_route=\/wp\/v2\/pages\/613"}],"collection":[{"href":"https:\/\/tiphainedebelloy.fr\/index.php?rest_route=\/wp\/v2\/pages"}],"about":[{"href":"https:\/\/tiphainedebelloy.fr\/index.php?rest_route=\/wp\/v2\/types\/page"}],"author":[{"embeddable":true,"href":"https:\/\/tiphainedebelloy.fr\/index.php?rest_route=\/wp\/v2\/users\/1"}],"replies":[{"embeddable":true,"href":"https:\/\/tiphainedebelloy.fr\/index.php?rest_route=%2Fwp%2Fv2%2Fcomments&post=613"}],"version-history":[{"count":47,"href":"https:\/\/tiphainedebelloy.fr\/index.php?rest_route=\/wp\/v2\/pages\/613\/revisions"}],"predecessor-version":[{"id":835,"href":"https:\/\/tiphainedebelloy.fr\/index.php?rest_route=\/wp\/v2\/pages\/613\/revisions\/835"}],"wp:attachment":[{"href":"https:\/\/tiphainedebelloy.fr\/index.php?rest_route=%2Fwp%2Fv2%2Fmedia&parent=613"}],"curies":[{"name":"wp","href":"https:\/\/api.w.org\/{rel}","templated":true}]}}